{"id":163,"date":"2014-03-04T20:19:41","date_gmt":"2014-03-04T18:19:41","guid":{"rendered":"http:\/\/www.sy-sunrise.de\/?page_id=163"},"modified":"2024-05-13T21:48:21","modified_gmt":"2024-05-13T20:48:21","slug":"ausruestung","status":"publish","type":"page","link":"http:\/\/www.sy-sunrise.de\/?page_id=163","title":{"rendered":"Ausr\u00fcstung Sunrise"},"content":{"rendered":"<h3 style=\"padding-left: 240px;\">Antrieb<\/h3>\n<p style=\"padding-left: 240px;\">SparCraft Rigg<br \/>\nFurlex 300 S Genuaroller<br \/>\nPBO Kutterstag, abnehmbar<br \/>\nElvstr\u00f6m Gro\u00dfsegel 40 m\u00b2<br \/>\nElvstr\u00f6m Genua 125 % 47 m\u00b2<br \/>\nNorthsails Fock 20 m\u00b2<br \/>\nIstec Parasailor 125 m\u00b2<br \/>\nSpibaum an Laufschiene am Mast gefahren<br \/>\nAries Windfahne<br \/>\nYanmar Diesel 4JHE4 40,5 kw<br \/>\nVetus flexible Kupplung<br \/>\nWelle 35 mm<br \/>\nGORI Faltpropeller dreifl\u00fcgelig<br \/>\nSide Power SE 100 Bugstrahlruder<\/p>\n<h4 style=\"padding-left: 240px;\">Elektrik<\/h4>\n<p style=\"padding-left: 240px;\">4 AGM Servicebatterien 400 Ah<br \/>\n2 Varta-DC AGM Batterien \u00e1 100 Ah f\u00fcr Bugstrahlruder und Ankerwinsch<br \/>\n1 AGM Batterie \u00e1 80 Ah f\u00fcr Anlasser<br \/>\n2 Solarzellen PN SPR S 100 Wp<br \/>\nSuperwind 350 Windgenerator max. 5 Ah<br \/>\nBrennstoffzelle Efoy Comfort 140 max. 5 Ah<br \/>\nPhilippi Ladekontroller<br \/>\nLichtmaschine 80 Ah<br \/>\nStirling Laderegler<br \/>\n2 Harken 48STE elektrische Winschen<br \/>\n1 Harken 40STE elektrische Winschen<br \/>\nJabsco 1950 elektrische Bilgenpumpe<\/p>\n<h4 style=\"padding-left: 240px;\">Sicherheit<\/h4>\n<p style=\"padding-left: 240px;\">Epirb GlobalFix Pro<br \/>\nViking Rettungsinsel f\u00fcr 6 Personen<br \/>\n4 Automatik Rettungswesten<br \/>\n4 Lifelines<br \/>\nStecktaue an Deck<br \/>\nFaltbares Dingy mit Stautasche<br \/>\nHonda Viertakt-Au\u00dfenbordmotor 5 PS<br \/>\nLenzpumpe Whale Gulper 220<br \/>\n4 Feuerl\u00f6scher<\/p>\n<h4 style=\"padding-left: 240px;\">Anker<\/h4>\n<p style=\"padding-left: 240px;\">18 kg B\u00fcgelanker mit 70 m Kette<br \/>\n12 Kg Heckanker, 10 m Kettenvorlauf und 40 Meter Gurtband<br \/>\nLofrans Ankerwinde Kobra 1000 W<\/p>\n<h4 style=\"padding-left: 240px;\">Navigation<\/h4>\n<p style=\"padding-left: 240px;\">Raymarine E 80 Series Chartplotter mit GPS, Radar und AIS650 im Cockpit<br \/>\nRaymarine ST60 Log, Echolot und Windanzeiger<br \/>\nRaymarine ST60 Multidisplay am Kartentisch<br \/>\nRaymarine ST6002 Autopilot<br \/>\nRaymarine VHF240 Funkger\u00e4t mit Tochterger\u00e4t an Steuers\u00e4ule<br \/>\nMRD 80 Navtex Receiver<br \/>\nKompass Plastimo Horzion 135<br \/>\nKurzwellentransceiver IC-M802, incl. Antennentuner 140<br \/>\nSCS Pactor 4 Modem DR 7400<br \/>\nKISS Erde<\/p>\n<p style=\"padding-left: 240px;\">Notebook (Windows 7) am Kartentisch als Tochter des Raymarine ChartPlotters<br \/>\nNavionics Seekarten auf Plotter, Tablet und Smartphone<br \/>\nGarmin Seekarten auf Tablet<br \/>\nC-Map Seekarten auf Notebook mit Open CPN<br \/>\nPapierseekarten und Hafenhandb\u00fccher<\/p>\n<h4 style=\"padding-left: 240px;\">Sonstiges<\/h4>\n<p style=\"padding-left: 240px;\">Isotemp Hei\u00dfwasser-Boiler<br \/>\nWebasto Diesel-Heizung Airtop 5000<br \/>\nWebasto 6000 BTU Aircondition<br \/>\nENO 2 flammig mit Backofen und Grill<br \/>\nTruma Gas-Magnetschalter<br \/>\nIsotherm 12V K\u00fchlbox<br \/>\nWLan WL 400 Antenne<\/p>\n","protected":false},"excerpt":{"rendered":"<p>Antrieb SparCraft Rigg Furlex 300 S Genuaroller PBO Kutterstag, abnehmbar Elvstr\u00f6m Gro\u00dfsegel 40 m\u00b2 Elvstr\u00f6m Genua 125 % 47 m\u00b2 Northsails Fock 20 m\u00b2 Istec Parasailor 125 m\u00b2 Spibaum an Laufschiene am Mast gefahren Aries &hellip; <a href=\"http:\/\/www.sy-sunrise.de\/?page_id=163\">Weiterlesen<\/a><\/p>\n","protected":false},"author":1,"featured_media":0,"parent":0,"menu_order":0,"comment_status":"closed","ping_status":"closed","template":"fullwidth.php","meta":{"spay_email":""},"jetpack_shortlink":"https:\/\/wp.me\/P4ov3v-2D","_links":{"self":[{"href":"http:\/\/www.sy-sunrise.de\/index.php?rest_route=\/wp\/v2\/pages\/163"}],"collection":[{"href":"http:\/\/www.sy-sunrise.de\/index.php?rest_route=\/wp\/v2\/pages"}],"about":[{"href":"http:\/\/www.sy-sunrise.de\/index.php?rest_route=\/wp\/v2\/types\/page"}],"author":[{"embeddable":true,"href":"http:\/\/www.sy-sunrise.de\/index.php?rest_route=\/wp\/v2\/users\/1"}],"replies":[{"embeddable":true,"href":"http:\/\/www.sy-sunrise.de\/index.php?rest_route=%2Fwp%2Fv2%2Fcomments&post=163"}],"version-history":[{"count":42,"href":"http:\/\/www.sy-sunrise.de\/index.php?rest_route=\/wp\/v2\/pages\/163\/revisions"}],"predecessor-version":[{"id":10247,"href":"http:\/\/www.sy-sunrise.de\/index.php?rest_route=\/wp\/v2\/pages\/163\/revisions\/10247"}],"wp:attachment":[{"href":"http:\/\/www.sy-sunrise.de\/index.php?rest_route=%2Fwp%2Fv2%2Fmedia&parent=163"}],"curies":[{"name":"wp","href":"https:\/\/api.w.org\/{rel}","templated":true}]}}